{"id":11,"date":"2019-04-07T23:56:56","date_gmt":"2019-04-07T21:56:56","guid":{"rendered":"http:\/\/sobieszowka.pl\/?page_id=11"},"modified":"2025-04-29T21:32:41","modified_gmt":"2025-04-29T19:32:41","slug":"kontakt","status":"publish","type":"page","link":"https:\/\/sobieszowka.pl\/?page_id=11","title":{"rendered":"Kontakt"},"content":{"rendered":"\n<p>Po co zwleka\u0107. Dobry czas tak szybko mija.<br>Skontaktuj si\u0119 z nami. Chcemy Ci\u0119 pozna\u0107 i ugo\u015bci\u0107 w naszej Sobiesz\u00f3wce. <br><br>Pisz na adres e-mail: <br><a href=\"mailto:kasia.sobieska@gmail.com\">kasia.sobieska@gmail.com<\/a><br><br>Je\u015bli nie chcesz pisa\u0107 po prostu zadzwo\u0144<br>tel. +48605593703<\/p>\n\n\n\n<figure class=\"wp-block-image is-resized\"><img loading=\"lazy\" decoding=\"async\" width=\"1024\" height=\"740\" src=\"http:\/\/sobieszowka.pl\/wp-content\/uploads\/2024\/02\/z_lotu_ptaka-kopia-1024x740.jpg\" alt=\"\" class=\"wp-image-265\" srcset=\"https:\/\/sobieszowka.pl\/wp-content\/uploads\/2024\/02\/z_lotu_ptaka-kopia-1024x740.jpg 1024w, https:\/\/sobieszowka.pl\/wp-content\/uploads\/2024\/02\/z_lotu_ptaka-kopia-300x217.jpg 300w, https:\/\/sobieszowka.pl\/wp-content\/uploads\/2024\/02\/z_lotu_ptaka-kopia-768x555.jpg 768w, https:\/\/sobieszowka.pl\/wp-content\/uploads\/2024\/02\/z_lotu_ptaka-kopia.jpg 1784w\" sizes=\"auto, (max-width: 767px) 89vw, (max-width: 1000px) 54vw, (max-width: 1071px) 543px, 580px\" \/><figcaption class=\"wp-element-caption\">Domy na wydmie w Jantarze<br><\/figcaption><\/figure>\n\n\n\n<p><br><br><\/p>\n\n\n\n\n\n<h2 class=\"wp-block-heading\">\u015aled\u017a Sobiesz\u00f3wk\u0119 na Facebook, zobacz co aktualnie si\u0119 u nas dzieje, jakie mamy promocje &#8211; link na dole tej strony<\/h2>\n","protected":false},"excerpt":{"rendered":"<p>Po co zwleka\u0107. Dobry czas tak szybko mija.Skontaktuj si\u0119 z nami. Chcemy Ci\u0119 pozna\u0107 i ugo\u015bci\u0107 w naszej Sobiesz\u00f3wce. Pisz na adres e-mail: kasia.sobieska@gmail.com Je\u015bli nie chcesz pisa\u0107 po prostu zadzwo\u0144tel. +48605593703 \u015aled\u017a Sobiesz\u00f3wk\u0119 na Facebook, zobacz co aktualnie si\u0119 u nas dzieje, jakie mamy promocje &#8211; link na dole tej strony<\/p>\n","protected":false},"author":1,"featured_media":0,"parent":0,"menu_order":0,"comment_status":"closed","ping_status":"closed","template":"","meta":{"ngg_post_thumbnail":0,"footnotes":""},"class_list":["post-11","page","type-page","status-publish","hentry"],"_links":{"self":[{"href":"https:\/\/sobieszowka.pl\/index.php?rest_route=\/wp\/v2\/pages\/11","targetHints":{"allow":["GET"]}}],"collection":[{"href":"https:\/\/sobieszowka.pl\/index.php?rest_route=\/wp\/v2\/pages"}],"about":[{"href":"https:\/\/sobieszowka.pl\/index.php?rest_route=\/wp\/v2\/types\/page"}],"author":[{"embeddable":true,"href":"https:\/\/sobieszowka.pl\/index.php?rest_route=\/wp\/v2\/users\/1"}],"replies":[{"embeddable":true,"href":"https:\/\/sobieszowka.pl\/index.php?rest_route=%2Fwp%2Fv2%2Fcomments&post=11"}],"version-history":[{"count":21,"href":"https:\/\/sobieszowka.pl\/index.php?rest_route=\/wp\/v2\/pages\/11\/revisions"}],"predecessor-version":[{"id":345,"href":"https:\/\/sobieszowka.pl\/index.php?rest_route=\/wp\/v2\/pages\/11\/revisions\/345"}],"wp:attachment":[{"href":"https:\/\/sobieszowka.pl\/index.php?rest_route=%2Fwp%2Fv2%2Fmedia&parent=11"}],"curies":[{"name":"wp","href":"https:\/\/api.w.org\/{rel}","templated":true}]}}