{"id":13,"date":"2019-04-07T23:56:56","date_gmt":"2019-04-07T21:56:56","guid":{"rendered":"http:\/\/sobieszowka.pl\/?page_id=13"},"modified":"2024-02-15T19:19:18","modified_gmt":"2024-02-15T18:19:18","slug":"sekcja-strony-glownej","status":"publish","type":"page","link":"https:\/\/sobieszowka.pl\/","title":{"rendered":"SOBIESZ\u00d3WKA &#8211; marzenia si\u0119 spe\u0142nia"},"content":{"rendered":"<h1>Sobiesz\u00f3wka to kameralne miejsce&nbsp; w miejscowo\u015bci o pi\u0119knej nazwie Jantar.<br>Tu Morze Ba\u0142tyckie wita si\u0119 z Wis\u0142\u0105.<\/h1>\n<div>Drewniane domy zbudowane si\u0142\u0105 serc dwojga os\u00f3b.<\/div>\n<div>Zajrzyj na nasz\u0105 stron\u0119.<br>Odwied\u017a Jantar i opowiedz o tym miejscu innym.&nbsp;&nbsp;\n<p>&nbsp;<\/p>\n<\/div>\n<div>Luana i Darek Sobiescy<\/div>\n\n\n<p><\/p>\n","protected":false},"excerpt":{"rendered":"<p>Sobiesz\u00f3wka to kameralne miejsce&nbsp; w miejscowo\u015bci o pi\u0119knej nazwie Jantar.Tu Morze Ba\u0142tyckie wita si\u0119 z Wis\u0142\u0105. Drewniane domy zbudowane si\u0142\u0105 serc dwojga os\u00f3b. Zajrzyj na nasz\u0105 stron\u0119.Odwied\u017a Jantar i opowiedz o tym miejscu innym.&nbsp;&nbsp; &nbsp; Luana i Darek Sobiescy<\/p>\n","protected":false},"author":1,"featured_media":271,"parent":0,"menu_order":0,"comment_status":"closed","ping_status":"closed","template":"","meta":{"ngg_post_thumbnail":0,"footnotes":""},"class_list":["post-13","page","type-page","status-publish","has-post-thumbnail","hentry"],"_links":{"self":[{"href":"https:\/\/sobieszowka.pl\/index.php?rest_route=\/wp\/v2\/pages\/13","targetHints":{"allow":["GET"]}}],"collection":[{"href":"https:\/\/sobieszowka.pl\/index.php?rest_route=\/wp\/v2\/pages"}],"about":[{"href":"https:\/\/sobieszowka.pl\/index.php?rest_route=\/wp\/v2\/types\/page"}],"author":[{"embeddable":true,"href":"https:\/\/sobieszowka.pl\/index.php?rest_route=\/wp\/v2\/users\/1"}],"replies":[{"embeddable":true,"href":"https:\/\/sobieszowka.pl\/index.php?rest_route=%2Fwp%2Fv2%2Fcomments&post=13"}],"version-history":[{"count":16,"href":"https:\/\/sobieszowka.pl\/index.php?rest_route=\/wp\/v2\/pages\/13\/revisions"}],"predecessor-version":[{"id":272,"href":"https:\/\/sobieszowka.pl\/index.php?rest_route=\/wp\/v2\/pages\/13\/revisions\/272"}],"wp:featuredmedia":[{"embeddable":true,"href":"https:\/\/sobieszowka.pl\/index.php?rest_route=\/wp\/v2\/media\/271"}],"wp:attachment":[{"href":"https:\/\/sobieszowka.pl\/index.php?rest_route=%2Fwp%2Fv2%2Fmedia&parent=13"}],"curies":[{"name":"wp","href":"https:\/\/api.w.org\/{rel}","templated":true}]}}